{"id":2,"date":"2022-11-05T13:23:05","date_gmt":"2022-11-05T13:23:05","guid":{"rendered":"http:\/\/gudumholm.dk\/?page_id=2"},"modified":"2024-05-28T11:37:31","modified_gmt":"2024-05-28T09:37:31","slug":"sample-page","status":"publish","type":"page","link":"https:\/\/gudumholm.dk\/","title":{"rendered":"Forside"},"content":{"rendered":"\n<p>Velkommen til &#8220;Gudumholm&#8221; &#8211; en privatejet info side omkring landsbyen Gudumholm.<\/p>\n\n\n\n<p>Siden drives som en lille hobby, s\u00e5 du kan ikke helt forvente at al info om byen er med. Det er dog alligevel h\u00e5bet at du finder noget brugbart, interessant eller bare hyggelig l\u00e6sning. <\/p>\n\n\n\n<p>Klik p\u00e5 de forskellige faner og se hvad byen har af muligheder, b\u00e5de for bolig, skole, handel og natur.<\/p>\n\n\n\n<p>Har du input til siden, er du velkommen til at sende dit forslag til info@gudumholm.dk<\/p>\n\n\n\n<p><\/p>\n","protected":false},"excerpt":{"rendered":"<p>Velkommen til &#8220;Gudumholm&#8221; &#8211; en privatejet info side omkring landsbyen Gudumholm. Siden drives som en lille hobby, s\u00e5 du kan ikke helt forvente at al info om byen er med. Det er dog alligevel h\u00e5bet at du finder noget brugbart, interessant eller bare hyggelig l\u00e6sning. Klik p\u00e5 de forskellige faner og se hvad byen har af muligheder, b\u00e5de for bolig, skole, handel og natur. Har du input til siden, er du velkommen til at sende dit forslag til info@gudumholm.dk<\/p>\n","protected":false},"author":1,"featured_media":0,"parent":0,"menu_order":0,"comment_status":"closed","ping_status":"open","template":"","meta":{"inline_featured_image":false,"_themeisle_gutenberg_block_has_review":false,"footnotes":""},"class_list":["post-2","page","type-page","status-publish","hentry"],"yoast_head":"<!-- This site is optimized with the Yoast SEO plugin v19.10 - https:\/\/yoast.com\/wordpress\/plugins\/seo\/ -->\n<title>Forside -<\/title>\n<meta name=\"robots\" content=\"index, follow, max-snippet:-1, max-image-preview:large, max-video-preview:-1\" \/>\n<link rel=\"canonical\" href=\"https:\/\/gudumholm.dk\/\" \/>\n<meta property=\"og:locale\" content=\"da_DK\" \/>\n<meta property=\"og:type\" content=\"article\" \/>\n<meta property=\"og:title\" content=\"Forside -\" \/>\n<meta property=\"og:description\" content=\"Velkommen til &#8220;Gudumholm&#8221; &#8211; en privatejet info side omkring landsbyen Gudumholm. Siden drives som en lille hobby, s\u00e5 du kan ikke helt forvente at al info om byen er med. Det er dog alligevel h\u00e5bet at du finder noget brugbart, interessant eller bare hyggelig l\u00e6sning. Klik p\u00e5 de forskellige faner og se hvad byen har af muligheder, b\u00e5de for bolig, skole, handel og natur. Har du input til siden, er du velkommen til at sende dit forslag til info@gudumholm.dk\" \/>\n<meta property=\"og:url\" content=\"https:\/\/gudumholm.dk\/\" \/>\n<meta property=\"article:publisher\" content=\"https:\/\/m.facebook.com\/profile.php?id=100087522970685\" \/>\n<meta property=\"article:modified_time\" content=\"2024-05-28T09:37:31+00:00\" \/>\n<meta name=\"twitter:card\" content=\"summary_large_image\" \/>\n<meta name=\"twitter:label1\" content=\"Estimeret l\u00e6setid\" \/>\n\t<meta name=\"twitter:data1\" content=\"1 minut\" \/>\n<script type=\"application\/ld+json\" class=\"yoast-schema-graph\">{\"@context\":\"https:\/\/schema.org\",\"@graph\":[{\"@type\":\"WebPage\",\"@id\":\"https:\/\/gudumholm.dk\/\",\"url\":\"https:\/\/gudumholm.dk\/\",\"name\":\"Forside -\",\"isPartOf\":{\"@id\":\"https:\/\/gudumholm.dk\/#website\"},\"datePublished\":\"2022-11-05T13:23:05+00:00\",\"dateModified\":\"2024-05-28T09:37:31+00:00\",\"breadcrumb\":{\"@id\":\"https:\/\/gudumholm.dk\/#breadcrumb\"},\"inLanguage\":\"da-DK\",\"potentialAction\":[{\"@type\":\"ReadAction\",\"target\":[\"https:\/\/gudumholm.dk\/\"]}]},{\"@type\":\"BreadcrumbList\",\"@id\":\"https:\/\/gudumholm.dk\/#breadcrumb\",\"itemListElement\":[{\"@type\":\"ListItem\",\"position\":1,\"name\":\"Hjem\",\"item\":\"https:\/\/gudumholm.dk\/\"},{\"@type\":\"ListItem\",\"position\":2,\"name\":\"Forside\"}]},{\"@type\":\"WebSite\",\"@id\":\"https:\/\/gudumholm.dk\/#website\",\"url\":\"https:\/\/gudumholm.dk\/\",\"name\":\"\",\"description\":\"\",\"publisher\":{\"@id\":\"https:\/\/gudumholm.dk\/#organization\"},\"potentialAction\":[{\"@type\":\"SearchAction\",\"target\":{\"@type\":\"EntryPoint\",\"urlTemplate\":\"https:\/\/gudumholm.dk\/?s={search_term_string}\"},\"query-input\":\"required name=search_term_string\"}],\"inLanguage\":\"da-DK\"},{\"@type\":\"Organization\",\"@id\":\"https:\/\/gudumholm.dk\/#organization\",\"name\":\"Gudumholm Borgerforening\",\"url\":\"https:\/\/gudumholm.dk\/\",\"logo\":{\"@type\":\"ImageObject\",\"inLanguage\":\"da-DK\",\"@id\":\"https:\/\/gudumholm.dk\/#\/schema\/logo\/image\/\",\"url\":\"http:\/\/gudumholm.dk\/wp-content\/uploads\/2022\/11\/EF01BAD9-113C-449B-8628-4B187FB6BC6D.png\",\"contentUrl\":\"http:\/\/gudumholm.dk\/wp-content\/uploads\/2022\/11\/EF01BAD9-113C-449B-8628-4B187FB6BC6D.png\",\"width\":124,\"height\":181,\"caption\":\"Gudumholm Borgerforening\"},\"image\":{\"@id\":\"https:\/\/gudumholm.dk\/#\/schema\/logo\/image\/\"},\"sameAs\":[\"https:\/\/m.facebook.com\/profile.php?id=100087522970685\"]}]}<\/script>\n<!-- \/ Yoast SEO plugin. -->","yoast_head_json":{"title":"Forside -","robots":{"index":"index","follow":"follow","max-snippet":"max-snippet:-1","max-image-preview":"max-image-preview:large","max-video-preview":"max-video-preview:-1"},"canonical":"https:\/\/gudumholm.dk\/","og_locale":"da_DK","og_type":"article","og_title":"Forside -","og_description":"Velkommen til &#8220;Gudumholm&#8221; &#8211; en privatejet info side omkring landsbyen Gudumholm. Siden drives som en lille hobby, s\u00e5 du kan ikke helt forvente at al info om byen er med. Det er dog alligevel h\u00e5bet at du finder noget brugbart, interessant eller bare hyggelig l\u00e6sning. Klik p\u00e5 de forskellige faner og se hvad byen har af muligheder, b\u00e5de for bolig, skole, handel og natur. Har du input til siden, er du velkommen til at sende dit forslag til info@gudumholm.dk","og_url":"https:\/\/gudumholm.dk\/","article_publisher":"https:\/\/m.facebook.com\/profile.php?id=100087522970685","article_modified_time":"2024-05-28T09:37:31+00:00","twitter_card":"summary_large_image","twitter_misc":{"Estimeret l\u00e6setid":"1 minut"},"schema":{"@context":"https:\/\/schema.org","@graph":[{"@type":"WebPage","@id":"https:\/\/gudumholm.dk\/","url":"https:\/\/gudumholm.dk\/","name":"Forside -","isPartOf":{"@id":"https:\/\/gudumholm.dk\/#website"},"datePublished":"2022-11-05T13:23:05+00:00","dateModified":"2024-05-28T09:37:31+00:00","breadcrumb":{"@id":"https:\/\/gudumholm.dk\/#breadcrumb"},"inLanguage":"da-DK","potentialAction":[{"@type":"ReadAction","target":["https:\/\/gudumholm.dk\/"]}]},{"@type":"BreadcrumbList","@id":"https:\/\/gudumholm.dk\/#breadcrumb","itemListElement":[{"@type":"ListItem","position":1,"name":"Hjem","item":"https:\/\/gudumholm.dk\/"},{"@type":"ListItem","position":2,"name":"Forside"}]},{"@type":"WebSite","@id":"https:\/\/gudumholm.dk\/#website","url":"https:\/\/gudumholm.dk\/","name":"","description":"","publisher":{"@id":"https:\/\/gudumholm.dk\/#organization"},"potentialAction":[{"@type":"SearchAction","target":{"@type":"EntryPoint","urlTemplate":"https:\/\/gudumholm.dk\/?s={search_term_string}"},"query-input":"required name=search_term_string"}],"inLanguage":"da-DK"},{"@type":"Organization","@id":"https:\/\/gudumholm.dk\/#organization","name":"Gudumholm Borgerforening","url":"https:\/\/gudumholm.dk\/","logo":{"@type":"ImageObject","inLanguage":"da-DK","@id":"https:\/\/gudumholm.dk\/#\/schema\/logo\/image\/","url":"http:\/\/gudumholm.dk\/wp-content\/uploads\/2022\/11\/EF01BAD9-113C-449B-8628-4B187FB6BC6D.png","contentUrl":"http:\/\/gudumholm.dk\/wp-content\/uploads\/2022\/11\/EF01BAD9-113C-449B-8628-4B187FB6BC6D.png","width":124,"height":181,"caption":"Gudumholm Borgerforening"},"image":{"@id":"https:\/\/gudumholm.dk\/#\/schema\/logo\/image\/"},"sameAs":["https:\/\/m.facebook.com\/profile.php?id=100087522970685"]}]}},"_links":{"self":[{"href":"https:\/\/gudumholm.dk\/index.php\/wp-json\/wp\/v2\/pages\/2","targetHints":{"allow":["GET"]}}],"collection":[{"href":"https:\/\/gudumholm.dk\/index.php\/wp-json\/wp\/v2\/pages"}],"about":[{"href":"https:\/\/gudumholm.dk\/index.php\/wp-json\/wp\/v2\/types\/page"}],"author":[{"embeddable":true,"href":"https:\/\/gudumholm.dk\/index.php\/wp-json\/wp\/v2\/users\/1"}],"replies":[{"embeddable":true,"href":"https:\/\/gudumholm.dk\/index.php\/wp-json\/wp\/v2\/comments?post=2"}],"version-history":[{"count":4,"href":"https:\/\/gudumholm.dk\/index.php\/wp-json\/wp\/v2\/pages\/2\/revisions"}],"predecessor-version":[{"id":267,"href":"https:\/\/gudumholm.dk\/index.php\/wp-json\/wp\/v2\/pages\/2\/revisions\/267"}],"wp:attachment":[{"href":"https:\/\/gudumholm.dk\/index.php\/wp-json\/wp\/v2\/media?parent=2"}],"curies":[{"name":"wp","href":"https:\/\/api.w.org\/{rel}","templated":true}]}}