{"id":218,"date":"2023-04-06T17:40:42","date_gmt":"2023-04-06T15:40:42","guid":{"rendered":"https:\/\/gudumholm.dk\/?page_id=218"},"modified":"2023-04-06T17:40:43","modified_gmt":"2023-04-06T15:40:43","slug":"gudumholm-frostboks-central","status":"publish","type":"page","link":"https:\/\/gudumholm.dk\/index.php\/gudumholm-frostboks-central\/","title":{"rendered":"Gudumholm Frostboks-central"},"content":{"rendered":"\n<div id=\"wp-block-themeisle-blocks-advanced-columns-c216ecdb\" class=\"wp-block-themeisle-blocks-advanced-columns has-1-columns has-desktop-equal-layout has-tablet-equal-layout has-mobile-equal-layout has-vertical-unset\"><div class=\"wp-block-themeisle-blocks-advanced-columns-overlay\"><\/div><div class=\"innerblocks-wrap\">\n<div id=\"wp-block-themeisle-blocks-advanced-column-ea49f41b\" class=\"wp-block-themeisle-blocks-advanced-column\">\n<p>F\u00f8r private hjem havde frysere st\u00e5ende, kunne man blive medlem eller andelshaver i et lokalt frysehus. Gudumholmerne havde ogs\u00e5 s\u00e5dan et frysehus, oprettet i 1949 og nedlagt i 1988. I s\u00e5dan et frysehus var der sm\u00e5 frysekummer som man kunne leje sig til, og man kunne s\u00e5 g\u00e5 hen og tage mad op af fryseren, efterh\u00e5nden som man skulle bruge det. <\/p>\n\n\n\n<p>Gudumholm frostbokscentral ligger Aagade 34 og er nu privatejet. Vi arbejder p\u00e5 at skaffe mere info og historie om frysehuset.<\/p>\n\n\n\n<p>I mellemtiden kan du evt. kigge lidt p\u00e5 denne video om et lignende frysehus.<\/p>\n\n\n\n<figure class=\"wp-block-embed is-type-video is-provider-youtube wp-block-embed-youtube wp-embed-aspect-16-9 wp-has-aspect-ratio\"><div class=\"wp-block-embed__wrapper\">\n<iframe loading=\"lazy\" title=\"Mod.Str\u00f8m Fyn - P\u00e5 ekspedition til Bogense Andelsfrysehus\" width=\"960\" height=\"540\" src=\"https:\/\/www.youtube.com\/embed\/iZ-fsDuH_HA?feature=oembed\" frameborder=\"0\" allow=\"accelerometer; autoplay; clipboard-write; encrypted-media; gyroscope; picture-in-picture; web-share\" allowfullscreen><\/iframe>\n<\/div><\/figure>\n<\/div>\n<\/div><\/div>\n","protected":false},"excerpt":{"rendered":"","protected":false},"author":1,"featured_media":0,"parent":0,"menu_order":0,"comment_status":"closed","ping_status":"closed","template":"","meta":{"inline_featured_image":false,"_themeisle_gutenberg_block_has_review":false,"footnotes":""},"class_list":["post-218","page","type-page","status-publish","hentry"],"yoast_head":"<!-- This site is optimized with the Yoast SEO plugin v19.10 - https:\/\/yoast.com\/wordpress\/plugins\/seo\/ -->\n<title>Gudumholm Frostboks-central -<\/title>\n<meta name=\"robots\" content=\"index, follow, max-snippet:-1, max-image-preview:large, max-video-preview:-1\" \/>\n<link rel=\"canonical\" href=\"https:\/\/gudumholm.dk\/index.php\/gudumholm-frostboks-central\/\" \/>\n<meta property=\"og:locale\" content=\"da_DK\" \/>\n<meta property=\"og:type\" content=\"article\" \/>\n<meta property=\"og:title\" content=\"Gudumholm Frostboks-central -\" \/>\n<meta property=\"og:url\" content=\"https:\/\/gudumholm.dk\/index.php\/gudumholm-frostboks-central\/\" \/>\n<meta property=\"article:publisher\" content=\"https:\/\/m.facebook.com\/profile.php?id=100087522970685\" \/>\n<meta property=\"article:modified_time\" content=\"2023-04-06T15:40:43+00:00\" \/>\n<meta name=\"twitter:card\" content=\"summary_large_image\" \/>\n<meta name=\"twitter:label1\" content=\"Estimeret l\u00e6setid\" \/>\n\t<meta name=\"twitter:data1\" content=\"1 minut\" \/>\n<script type=\"application\/ld+json\" class=\"yoast-schema-graph\">{\"@context\":\"https:\/\/schema.org\",\"@graph\":[{\"@type\":\"WebPage\",\"@id\":\"https:\/\/gudumholm.dk\/index.php\/gudumholm-frostboks-central\/\",\"url\":\"https:\/\/gudumholm.dk\/index.php\/gudumholm-frostboks-central\/\",\"name\":\"Gudumholm Frostboks-central -\",\"isPartOf\":{\"@id\":\"https:\/\/gudumholm.dk\/#website\"},\"datePublished\":\"2023-04-06T15:40:42+00:00\",\"dateModified\":\"2023-04-06T15:40:43+00:00\",\"breadcrumb\":{\"@id\":\"https:\/\/gudumholm.dk\/index.php\/gudumholm-frostboks-central\/#breadcrumb\"},\"inLanguage\":\"da-DK\",\"potentialAction\":[{\"@type\":\"ReadAction\",\"target\":[\"https:\/\/gudumholm.dk\/index.php\/gudumholm-frostboks-central\/\"]}]},{\"@type\":\"BreadcrumbList\",\"@id\":\"https:\/\/gudumholm.dk\/index.php\/gudumholm-frostboks-central\/#breadcrumb\",\"itemListElement\":[{\"@type\":\"ListItem\",\"position\":1,\"name\":\"Hjem\",\"item\":\"https:\/\/gudumholm.dk\/\"},{\"@type\":\"ListItem\",\"position\":2,\"name\":\"Gudumholm Frostboks-central\"}]},{\"@type\":\"WebSite\",\"@id\":\"https:\/\/gudumholm.dk\/#website\",\"url\":\"https:\/\/gudumholm.dk\/\",\"name\":\"\",\"description\":\"\",\"publisher\":{\"@id\":\"https:\/\/gudumholm.dk\/#organization\"},\"potentialAction\":[{\"@type\":\"SearchAction\",\"target\":{\"@type\":\"EntryPoint\",\"urlTemplate\":\"https:\/\/gudumholm.dk\/?s={search_term_string}\"},\"query-input\":\"required name=search_term_string\"}],\"inLanguage\":\"da-DK\"},{\"@type\":\"Organization\",\"@id\":\"https:\/\/gudumholm.dk\/#organization\",\"name\":\"Gudumholm Borgerforening\",\"url\":\"https:\/\/gudumholm.dk\/\",\"logo\":{\"@type\":\"ImageObject\",\"inLanguage\":\"da-DK\",\"@id\":\"https:\/\/gudumholm.dk\/#\/schema\/logo\/image\/\",\"url\":\"http:\/\/gudumholm.dk\/wp-content\/uploads\/2022\/11\/EF01BAD9-113C-449B-8628-4B187FB6BC6D.png\",\"contentUrl\":\"http:\/\/gudumholm.dk\/wp-content\/uploads\/2022\/11\/EF01BAD9-113C-449B-8628-4B187FB6BC6D.png\",\"width\":124,\"height\":181,\"caption\":\"Gudumholm Borgerforening\"},\"image\":{\"@id\":\"https:\/\/gudumholm.dk\/#\/schema\/logo\/image\/\"},\"sameAs\":[\"https:\/\/m.facebook.com\/profile.php?id=100087522970685\"]}]}<\/script>\n<!-- \/ Yoast SEO plugin. -->","yoast_head_json":{"title":"Gudumholm Frostboks-central -","robots":{"index":"index","follow":"follow","max-snippet":"max-snippet:-1","max-image-preview":"max-image-preview:large","max-video-preview":"max-video-preview:-1"},"canonical":"https:\/\/gudumholm.dk\/index.php\/gudumholm-frostboks-central\/","og_locale":"da_DK","og_type":"article","og_title":"Gudumholm Frostboks-central -","og_url":"https:\/\/gudumholm.dk\/index.php\/gudumholm-frostboks-central\/","article_publisher":"https:\/\/m.facebook.com\/profile.php?id=100087522970685","article_modified_time":"2023-04-06T15:40:43+00:00","twitter_card":"summary_large_image","twitter_misc":{"Estimeret l\u00e6setid":"1 minut"},"schema":{"@context":"https:\/\/schema.org","@graph":[{"@type":"WebPage","@id":"https:\/\/gudumholm.dk\/index.php\/gudumholm-frostboks-central\/","url":"https:\/\/gudumholm.dk\/index.php\/gudumholm-frostboks-central\/","name":"Gudumholm Frostboks-central -","isPartOf":{"@id":"https:\/\/gudumholm.dk\/#website"},"datePublished":"2023-04-06T15:40:42+00:00","dateModified":"2023-04-06T15:40:43+00:00","breadcrumb":{"@id":"https:\/\/gudumholm.dk\/index.php\/gudumholm-frostboks-central\/#breadcrumb"},"inLanguage":"da-DK","potentialAction":[{"@type":"ReadAction","target":["https:\/\/gudumholm.dk\/index.php\/gudumholm-frostboks-central\/"]}]},{"@type":"BreadcrumbList","@id":"https:\/\/gudumholm.dk\/index.php\/gudumholm-frostboks-central\/#breadcrumb","itemListElement":[{"@type":"ListItem","position":1,"name":"Hjem","item":"https:\/\/gudumholm.dk\/"},{"@type":"ListItem","position":2,"name":"Gudumholm Frostboks-central"}]},{"@type":"WebSite","@id":"https:\/\/gudumholm.dk\/#website","url":"https:\/\/gudumholm.dk\/","name":"","description":"","publisher":{"@id":"https:\/\/gudumholm.dk\/#organization"},"potentialAction":[{"@type":"SearchAction","target":{"@type":"EntryPoint","urlTemplate":"https:\/\/gudumholm.dk\/?s={search_term_string}"},"query-input":"required name=search_term_string"}],"inLanguage":"da-DK"},{"@type":"Organization","@id":"https:\/\/gudumholm.dk\/#organization","name":"Gudumholm Borgerforening","url":"https:\/\/gudumholm.dk\/","logo":{"@type":"ImageObject","inLanguage":"da-DK","@id":"https:\/\/gudumholm.dk\/#\/schema\/logo\/image\/","url":"http:\/\/gudumholm.dk\/wp-content\/uploads\/2022\/11\/EF01BAD9-113C-449B-8628-4B187FB6BC6D.png","contentUrl":"http:\/\/gudumholm.dk\/wp-content\/uploads\/2022\/11\/EF01BAD9-113C-449B-8628-4B187FB6BC6D.png","width":124,"height":181,"caption":"Gudumholm Borgerforening"},"image":{"@id":"https:\/\/gudumholm.dk\/#\/schema\/logo\/image\/"},"sameAs":["https:\/\/m.facebook.com\/profile.php?id=100087522970685"]}]}},"_links":{"self":[{"href":"https:\/\/gudumholm.dk\/index.php\/wp-json\/wp\/v2\/pages\/218","targetHints":{"allow":["GET"]}}],"collection":[{"href":"https:\/\/gudumholm.dk\/index.php\/wp-json\/wp\/v2\/pages"}],"about":[{"href":"https:\/\/gudumholm.dk\/index.php\/wp-json\/wp\/v2\/types\/page"}],"author":[{"embeddable":true,"href":"https:\/\/gudumholm.dk\/index.php\/wp-json\/wp\/v2\/users\/1"}],"replies":[{"embeddable":true,"href":"https:\/\/gudumholm.dk\/index.php\/wp-json\/wp\/v2\/comments?post=218"}],"version-history":[{"count":1,"href":"https:\/\/gudumholm.dk\/index.php\/wp-json\/wp\/v2\/pages\/218\/revisions"}],"predecessor-version":[{"id":219,"href":"https:\/\/gudumholm.dk\/index.php\/wp-json\/wp\/v2\/pages\/218\/revisions\/219"}],"wp:attachment":[{"href":"https:\/\/gudumholm.dk\/index.php\/wp-json\/wp\/v2\/media?parent=218"}],"curies":[{"name":"wp","href":"https:\/\/api.w.org\/{rel}","templated":true}]}}