{"id":35,"date":"2022-11-05T21:10:59","date_gmt":"2022-11-05T20:10:59","guid":{"rendered":"http:\/\/gudumholm.dk\/?page_id=35"},"modified":"2024-05-28T11:58:53","modified_gmt":"2024-05-28T09:58:53","slug":"gudumholms-virksomheder","status":"publish","type":"page","link":"https:\/\/gudumholm.dk\/index.php\/gudumholms-virksomheder\/","title":{"rendered":"Virksomheder"},"content":{"rendered":"\n<div id=\"wp-block-themeisle-blocks-advanced-columns-1dece926\" class=\"wp-block-themeisle-blocks-advanced-columns has-1-columns has-desktop-equal-layout has-tablet-equal-layout has-mobile-equal-layout has-vertical-unset\"><div class=\"wp-block-themeisle-blocks-advanced-columns-overlay\"><\/div><div class=\"innerblocks-wrap\">\n<div id=\"wp-block-themeisle-blocks-advanced-column-38ace22b\" class=\"wp-block-themeisle-blocks-advanced-column\">\n<p>Gudumholm var engang Nordjyllands n\u00e6stst\u00f8rste industriby og har dermed en lang og sp\u00e6ndende historie, med b\u00e5de industri og handel.  <\/p>\n\n\n\n<p>Der er stadig mulighed for at finde din n\u00e6ste h\u00e5ndv\u00e6rker eller samarbejdspartner i Gudumholm. <\/p>\n\n\n\n<p>Hvis din virksomhed har adresse i Gudumholm, eller du selv bor i byen, og du som ejer gerne vil p\u00e5 vores lokale kontakt liste, s\u00e5 kan du sende en besked til mail: info@gudumholm.dk<\/p>\n\n\n\n<p>Her er blot et uddrag af listen: <\/p>\n<\/div>\n<\/div><\/div>\n\n\n\n<p>Brugsen Gudumholm<br>Aagade 40<br>Gudumholm<br>9280 Storvorde<\/p>\n\n\n\n<p>Bad Seeds<br>Bryggeri<br>Landk\u00e6rsvej 4<br>Gudumholm<br>9280 Storvorde<br>badseedbrewing.dk<\/p>\n\n\n\n<p>Becher &#8211; Br\u00f8nderslev Reng\u00f8ringsservice ApS<br>Reng\u00f8ring og vinduespolering i Nordjylland<br>Aagade 41<br>Gudumholm<br>9280 Storvorde<br>Tlf. 40606424<br><a href=\"https:\/\/badseedbrewing.dk\/\"><br><\/a>BTB Byg<br>Murer &amp; T\u00f8mrer<br>Parallelvej 8<br>Gudumholm<br>9280 Storvorde<br>Tlf. 26169209<\/p>\n\n\n\n<p>Casavinho.dk<br>Vinhandel<br>Aagade <br>Gudumholm<br>9280 Storvorde<\/p>\n\n\n\n<p>Daffy Selskabslokale<br>Aagade 22<br>Gudumholm<br>9280 Storvorde<br><a href=\"http:\/\/daffy.dk\/den-gamle-biograf\/\" target=\"_blank\" rel=\"noreferrer noopener\">https:\/\/daffy.dk\/den-gamle-biograf\/<\/a><\/p>\n\n\n\n<p>Flex Montage<br>Aagade <br>Gudumholm<br>9280 Storvorde<\/p>\n\n\n\n<p>Flex Reng\u00f8ring<br>Aagade <br>Gudumholm<br>9280 Storvorde<\/p>\n\n\n\n<p>Jellesen Tag <br>Thorsbrovej 8<br>Gudumholm<br>9280 Storvorde<br>www.jellesen-tag.dk<\/p>\n\n\n\n<p>JG Udlejning ApS<br>Aagade 41<br>Gudumholm<br>9280 Storvorde<br>Udlejning af service til fest<br>Udlejning af mindre entrepren\u00f8rmaskiner og trailere<br>tlf. 40579294<\/p>\n\n\n\n<p>KPC Service<br>Autov\u00e6rksted<br>K\u00e6rvej 4<br>9280 Storvorde<\/p>\n\n\n\n<p>K\u00f8jns Malerfirma<br>Aagade <br>Gudumholm<br>9280 Storvorde<\/p>\n\n\n\n<p>La Dolce Vita ApS<br>Webshop &#8220;Nyt, brugt &amp; smukt&#8221;<br>Aagade 41<br>Gudumholm<br>9280 Storvorde<br>www.ldv.dk<\/p>\n\n\n\n<p>LB Kloak &amp; Entrepren\u00f8r<br>www.lb-ke.dk<br>\u00d8ster Vase 7<br>9280 Storvorde<\/p>\n\n\n\n<p>LG Revision<br>V. Jan Granat<br>Aagade 41<br>Gudumholm<br>9280 Storvorde<br>Tlf. 40606424<\/p>\n\n\n\n<p>Solh\u00f8j Hundehotel &amp; Hundefris\u00f8r<br>Tiendemarken 17<br>9280 Storvorde<br>www.solhojhundehotel.dk<\/p>\n\n\n\n<p>Snedkerinventar ApS<br>Luksus snedkerk\u00f8kkener, prim\u00e6rt i K\u00f8benhavn<br>Aagade 41<br>Gudumholm<br>9280 Storvorde<\/p>\n","protected":false},"excerpt":{"rendered":"<p>Brugsen GudumholmAagade 40Gudumholm9280 Storvorde Bad SeedsBryggeriLandk\u00e6rsvej 4Gudumholm9280 Storvordebadseedbrewing.dk Becher &#8211; Br\u00f8nderslev Reng\u00f8ringsservice ApSReng\u00f8ring og vinduespolering i NordjyllandAagade 41Gudumholm9280 StorvordeTlf. 40606424BTB BygMurer &amp; T\u00f8mrerParallelvej 8Gudumholm9280 StorvordeTlf. 26169209 Casavinho.dkVinhandelAagade Gudumholm9280 Storvorde Daffy SelskabslokaleAagade 22Gudumholm9280 Storvordehttps:\/\/daffy.dk\/den-gamle-biograf\/ Flex MontageAagade Gudumholm9280 Storvorde Flex Reng\u00f8ringAagade Gudumholm9280 Storvorde Jellesen Tag Thorsbrovej 8Gudumholm9280 Storvordewww.jellesen-tag.dk JG Udlejning ApSAagade 41Gudumholm9280 StorvordeUdlejning af service til festUdlejning af mindre entrepren\u00f8rmaskiner og traileretlf. 40579294 KPC ServiceAutov\u00e6rkstedK\u00e6rvej 49280 Storvorde K\u00f8jns MalerfirmaAagade Gudumholm9280 Storvorde La Dolce Vita ApSWebshop &#8220;Nyt, brugt &amp; smukt&#8221;Aagade 41Gudumholm9280 Storvordewww.ldv.dk LB Kloak &amp; Entrepren\u00f8rwww.lb-ke.dk\u00d8ster Vase 79280 Storvorde LG RevisionV. Jan GranatAagade 41Gudumholm9280 StorvordeTlf. 40606424 Solh\u00f8j Hundehotel &amp; Hundefris\u00f8rTiendemarken 179280 Storvordewww.solhojhundehotel.dk Snedkerinventar ApSLuksus snedkerk\u00f8kkener, prim\u00e6rt i K\u00f8benhavnAagade 41Gudumholm9280 Storvorde<\/p>\n","protected":false},"author":1,"featured_media":0,"parent":0,"menu_order":0,"comment_status":"closed","ping_status":"closed","template":"","meta":{"inline_featured_image":false,"_themeisle_gutenberg_block_has_review":false,"footnotes":""},"class_list":["post-35","page","type-page","status-publish","hentry"],"yoast_head":"<!-- This site is optimized with the Yoast SEO plugin v19.10 - https:\/\/yoast.com\/wordpress\/plugins\/seo\/ -->\n<title>Virksomheder -<\/title>\n<meta name=\"robots\" content=\"index, follow, max-snippet:-1, max-image-preview:large, max-video-preview:-1\" \/>\n<link rel=\"canonical\" href=\"https:\/\/gudumholm.dk\/index.php\/gudumholms-virksomheder\/\" \/>\n<meta property=\"og:locale\" content=\"da_DK\" \/>\n<meta property=\"og:type\" content=\"article\" \/>\n<meta property=\"og:title\" content=\"Virksomheder -\" \/>\n<meta property=\"og:description\" content=\"Brugsen GudumholmAagade 40Gudumholm9280 Storvorde Bad SeedsBryggeriLandk\u00e6rsvej 4Gudumholm9280 Storvordebadseedbrewing.dk Becher &#8211; Br\u00f8nderslev Reng\u00f8ringsservice ApSReng\u00f8ring og vinduespolering i NordjyllandAagade 41Gudumholm9280 StorvordeTlf. 40606424BTB BygMurer &amp; T\u00f8mrerParallelvej 8Gudumholm9280 StorvordeTlf. 26169209 Casavinho.dkVinhandelAagade Gudumholm9280 Storvorde Daffy SelskabslokaleAagade 22Gudumholm9280 Storvordehttps:\/\/daffy.dk\/den-gamle-biograf\/ Flex MontageAagade Gudumholm9280 Storvorde Flex Reng\u00f8ringAagade Gudumholm9280 Storvorde Jellesen Tag Thorsbrovej 8Gudumholm9280 Storvordewww.jellesen-tag.dk JG Udlejning ApSAagade 41Gudumholm9280 StorvordeUdlejning af service til festUdlejning af mindre entrepren\u00f8rmaskiner og traileretlf. 40579294 KPC ServiceAutov\u00e6rkstedK\u00e6rvej 49280 Storvorde K\u00f8jns MalerfirmaAagade Gudumholm9280 Storvorde La Dolce Vita ApSWebshop &#8220;Nyt, brugt &amp; smukt&#8221;Aagade 41Gudumholm9280 Storvordewww.ldv.dk LB Kloak &amp; Entrepren\u00f8rwww.lb-ke.dk\u00d8ster Vase 79280 Storvorde LG RevisionV. Jan GranatAagade 41Gudumholm9280 StorvordeTlf. 40606424 Solh\u00f8j Hundehotel &amp; Hundefris\u00f8rTiendemarken 179280 Storvordewww.solhojhundehotel.dk Snedkerinventar ApSLuksus snedkerk\u00f8kkener, prim\u00e6rt i K\u00f8benhavnAagade 41Gudumholm9280 Storvorde\" \/>\n<meta property=\"og:url\" content=\"https:\/\/gudumholm.dk\/index.php\/gudumholms-virksomheder\/\" \/>\n<meta property=\"article:publisher\" content=\"https:\/\/m.facebook.com\/profile.php?id=100087522970685\" \/>\n<meta property=\"article:modified_time\" content=\"2024-05-28T09:58:53+00:00\" \/>\n<meta name=\"twitter:card\" content=\"summary_large_image\" \/>\n<meta name=\"twitter:label1\" content=\"Estimeret l\u00e6setid\" \/>\n\t<meta name=\"twitter:data1\" content=\"1 minut\" \/>\n<script type=\"application\/ld+json\" class=\"yoast-schema-graph\">{\"@context\":\"https:\/\/schema.org\",\"@graph\":[{\"@type\":\"WebPage\",\"@id\":\"https:\/\/gudumholm.dk\/index.php\/gudumholms-virksomheder\/\",\"url\":\"https:\/\/gudumholm.dk\/index.php\/gudumholms-virksomheder\/\",\"name\":\"Virksomheder -\",\"isPartOf\":{\"@id\":\"https:\/\/gudumholm.dk\/#website\"},\"datePublished\":\"2022-11-05T20:10:59+00:00\",\"dateModified\":\"2024-05-28T09:58:53+00:00\",\"breadcrumb\":{\"@id\":\"https:\/\/gudumholm.dk\/index.php\/gudumholms-virksomheder\/#breadcrumb\"},\"inLanguage\":\"da-DK\",\"potentialAction\":[{\"@type\":\"ReadAction\",\"target\":[\"https:\/\/gudumholm.dk\/index.php\/gudumholms-virksomheder\/\"]}]},{\"@type\":\"BreadcrumbList\",\"@id\":\"https:\/\/gudumholm.dk\/index.php\/gudumholms-virksomheder\/#breadcrumb\",\"itemListElement\":[{\"@type\":\"ListItem\",\"position\":1,\"name\":\"Hjem\",\"item\":\"https:\/\/gudumholm.dk\/\"},{\"@type\":\"ListItem\",\"position\":2,\"name\":\"Virksomheder\"}]},{\"@type\":\"WebSite\",\"@id\":\"https:\/\/gudumholm.dk\/#website\",\"url\":\"https:\/\/gudumholm.dk\/\",\"name\":\"\",\"description\":\"\",\"publisher\":{\"@id\":\"https:\/\/gudumholm.dk\/#organization\"},\"potentialAction\":[{\"@type\":\"SearchAction\",\"target\":{\"@type\":\"EntryPoint\",\"urlTemplate\":\"https:\/\/gudumholm.dk\/?s={search_term_string}\"},\"query-input\":\"required name=search_term_string\"}],\"inLanguage\":\"da-DK\"},{\"@type\":\"Organization\",\"@id\":\"https:\/\/gudumholm.dk\/#organization\",\"name\":\"Gudumholm Borgerforening\",\"url\":\"https:\/\/gudumholm.dk\/\",\"logo\":{\"@type\":\"ImageObject\",\"inLanguage\":\"da-DK\",\"@id\":\"https:\/\/gudumholm.dk\/#\/schema\/logo\/image\/\",\"url\":\"http:\/\/gudumholm.dk\/wp-content\/uploads\/2022\/11\/EF01BAD9-113C-449B-8628-4B187FB6BC6D.png\",\"contentUrl\":\"http:\/\/gudumholm.dk\/wp-content\/uploads\/2022\/11\/EF01BAD9-113C-449B-8628-4B187FB6BC6D.png\",\"width\":124,\"height\":181,\"caption\":\"Gudumholm Borgerforening\"},\"image\":{\"@id\":\"https:\/\/gudumholm.dk\/#\/schema\/logo\/image\/\"},\"sameAs\":[\"https:\/\/m.facebook.com\/profile.php?id=100087522970685\"]}]}<\/script>\n<!-- \/ Yoast SEO plugin. -->","yoast_head_json":{"title":"Virksomheder -","robots":{"index":"index","follow":"follow","max-snippet":"max-snippet:-1","max-image-preview":"max-image-preview:large","max-video-preview":"max-video-preview:-1"},"canonical":"https:\/\/gudumholm.dk\/index.php\/gudumholms-virksomheder\/","og_locale":"da_DK","og_type":"article","og_title":"Virksomheder -","og_description":"Brugsen GudumholmAagade 40Gudumholm9280 Storvorde Bad SeedsBryggeriLandk\u00e6rsvej 4Gudumholm9280 Storvordebadseedbrewing.dk Becher &#8211; Br\u00f8nderslev Reng\u00f8ringsservice ApSReng\u00f8ring og vinduespolering i NordjyllandAagade 41Gudumholm9280 StorvordeTlf. 40606424BTB BygMurer &amp; T\u00f8mrerParallelvej 8Gudumholm9280 StorvordeTlf. 26169209 Casavinho.dkVinhandelAagade Gudumholm9280 Storvorde Daffy SelskabslokaleAagade 22Gudumholm9280 Storvordehttps:\/\/daffy.dk\/den-gamle-biograf\/ Flex MontageAagade Gudumholm9280 Storvorde Flex Reng\u00f8ringAagade Gudumholm9280 Storvorde Jellesen Tag Thorsbrovej 8Gudumholm9280 Storvordewww.jellesen-tag.dk JG Udlejning ApSAagade 41Gudumholm9280 StorvordeUdlejning af service til festUdlejning af mindre entrepren\u00f8rmaskiner og traileretlf. 40579294 KPC ServiceAutov\u00e6rkstedK\u00e6rvej 49280 Storvorde K\u00f8jns MalerfirmaAagade Gudumholm9280 Storvorde La Dolce Vita ApSWebshop &#8220;Nyt, brugt &amp; smukt&#8221;Aagade 41Gudumholm9280 Storvordewww.ldv.dk LB Kloak &amp; Entrepren\u00f8rwww.lb-ke.dk\u00d8ster Vase 79280 Storvorde LG RevisionV. Jan GranatAagade 41Gudumholm9280 StorvordeTlf. 40606424 Solh\u00f8j Hundehotel &amp; Hundefris\u00f8rTiendemarken 179280 Storvordewww.solhojhundehotel.dk Snedkerinventar ApSLuksus snedkerk\u00f8kkener, prim\u00e6rt i K\u00f8benhavnAagade 41Gudumholm9280 Storvorde","og_url":"https:\/\/gudumholm.dk\/index.php\/gudumholms-virksomheder\/","article_publisher":"https:\/\/m.facebook.com\/profile.php?id=100087522970685","article_modified_time":"2024-05-28T09:58:53+00:00","twitter_card":"summary_large_image","twitter_misc":{"Estimeret l\u00e6setid":"1 minut"},"schema":{"@context":"https:\/\/schema.org","@graph":[{"@type":"WebPage","@id":"https:\/\/gudumholm.dk\/index.php\/gudumholms-virksomheder\/","url":"https:\/\/gudumholm.dk\/index.php\/gudumholms-virksomheder\/","name":"Virksomheder -","isPartOf":{"@id":"https:\/\/gudumholm.dk\/#website"},"datePublished":"2022-11-05T20:10:59+00:00","dateModified":"2024-05-28T09:58:53+00:00","breadcrumb":{"@id":"https:\/\/gudumholm.dk\/index.php\/gudumholms-virksomheder\/#breadcrumb"},"inLanguage":"da-DK","potentialAction":[{"@type":"ReadAction","target":["https:\/\/gudumholm.dk\/index.php\/gudumholms-virksomheder\/"]}]},{"@type":"BreadcrumbList","@id":"https:\/\/gudumholm.dk\/index.php\/gudumholms-virksomheder\/#breadcrumb","itemListElement":[{"@type":"ListItem","position":1,"name":"Hjem","item":"https:\/\/gudumholm.dk\/"},{"@type":"ListItem","position":2,"name":"Virksomheder"}]},{"@type":"WebSite","@id":"https:\/\/gudumholm.dk\/#website","url":"https:\/\/gudumholm.dk\/","name":"","description":"","publisher":{"@id":"https:\/\/gudumholm.dk\/#organization"},"potentialAction":[{"@type":"SearchAction","target":{"@type":"EntryPoint","urlTemplate":"https:\/\/gudumholm.dk\/?s={search_term_string}"},"query-input":"required name=search_term_string"}],"inLanguage":"da-DK"},{"@type":"Organization","@id":"https:\/\/gudumholm.dk\/#organization","name":"Gudumholm Borgerforening","url":"https:\/\/gudumholm.dk\/","logo":{"@type":"ImageObject","inLanguage":"da-DK","@id":"https:\/\/gudumholm.dk\/#\/schema\/logo\/image\/","url":"http:\/\/gudumholm.dk\/wp-content\/uploads\/2022\/11\/EF01BAD9-113C-449B-8628-4B187FB6BC6D.png","contentUrl":"http:\/\/gudumholm.dk\/wp-content\/uploads\/2022\/11\/EF01BAD9-113C-449B-8628-4B187FB6BC6D.png","width":124,"height":181,"caption":"Gudumholm Borgerforening"},"image":{"@id":"https:\/\/gudumholm.dk\/#\/schema\/logo\/image\/"},"sameAs":["https:\/\/m.facebook.com\/profile.php?id=100087522970685"]}]}},"_links":{"self":[{"href":"https:\/\/gudumholm.dk\/index.php\/wp-json\/wp\/v2\/pages\/35","targetHints":{"allow":["GET"]}}],"collection":[{"href":"https:\/\/gudumholm.dk\/index.php\/wp-json\/wp\/v2\/pages"}],"about":[{"href":"https:\/\/gudumholm.dk\/index.php\/wp-json\/wp\/v2\/types\/page"}],"author":[{"embeddable":true,"href":"https:\/\/gudumholm.dk\/index.php\/wp-json\/wp\/v2\/users\/1"}],"replies":[{"embeddable":true,"href":"https:\/\/gudumholm.dk\/index.php\/wp-json\/wp\/v2\/comments?post=35"}],"version-history":[{"count":15,"href":"https:\/\/gudumholm.dk\/index.php\/wp-json\/wp\/v2\/pages\/35\/revisions"}],"predecessor-version":[{"id":273,"href":"https:\/\/gudumholm.dk\/index.php\/wp-json\/wp\/v2\/pages\/35\/revisions\/273"}],"wp:attachment":[{"href":"https:\/\/gudumholm.dk\/index.php\/wp-json\/wp\/v2\/media?parent=35"}],"curies":[{"name":"wp","href":"https:\/\/api.w.org\/{rel}","templated":true}]}}