{"id":37,"date":"2022-11-05T21:11:54","date_gmt":"2022-11-05T20:11:54","guid":{"rendered":"http:\/\/gudumholm.dk\/?page_id=37"},"modified":"2022-11-14T23:17:51","modified_gmt":"2022-11-14T22:17:51","slug":"bolig-i-gudumholm","status":"publish","type":"page","link":"https:\/\/gudumholm.dk\/index.php\/bolig-i-gudumholm\/","title":{"rendered":"Bolig"},"content":{"rendered":"\n<div id=\"wp-block-themeisle-blocks-advanced-columns-db9136b0\" class=\"wp-block-themeisle-blocks-advanced-columns has-1-columns has-desktop-equal-layout has-tablet-equal-layout has-mobile-equal-layout has-vertical-unset\"><div class=\"wp-block-themeisle-blocks-advanced-columns-overlay\"><\/div><div class=\"innerblocks-wrap\">\n<div id=\"wp-block-themeisle-blocks-advanced-column-0bd4b6e1\" class=\"wp-block-themeisle-blocks-advanced-column\">\n<p>En landsby &#8211; et f\u00e6llesskab &#8211; du er s\u00e5 hjerteligt velkommen i vores midte!<\/p>\n\n\n\n<p>Vi h\u00e5ber at du med info fra vores hjemmeside i baghovedet, vil f\u00f8le dig inspireret af vores f\u00e6llesskab, mens du klikker rundt i udvalget af boliger til salg  i Gudumholm. Via de ejendomsm\u00e6glere byens beboere har valgt, indbyder vi dig til at bes\u00f8ge Gudumholm. G\u00e5 en tur og se selv de muligheder der er i vores lille by og m\u00e6rk efter. <\/p>\n\n\n\n<p>M\u00e5ske m\u00f8der du din nye nabo, kollega, partner, studiekammerat eller erhvervsmulighed\u2026.<\/p>\n\n\n\n<p>Sammenlign gerne priserne med Aalborg, Gistrup, Klarup &#8211; vi er alts\u00e5 kun 20 min. udenfor Aalborg.<\/p>\n\n\n\n<p>Er linket &#8220;d\u00f8dt&#8221; &#8211; s\u00e5 er det fordi endnu en familie har valgt at bo i Gudumholm &#8211; og fik k\u00f8bt huset f\u00f8r dig&#8230;<\/p>\n\n\n\n<p>Her kommer du direkte ind p\u00e5 boligsidens muligheder for dit nye hjem i <a href=\"https:\/\/www.boligsiden.dk\/sted\/gudumholm\/tilsalg\" target=\"_blank\" rel=\"noreferrer noopener\">Gudumholm<\/a><\/p>\n<\/div>\n<\/div><\/div>\n\n\n\n<div class=\"wp-block-columns is-layout-flex wp-container-core-columns-is-layout-9d6595d7 wp-block-columns-is-layout-flex\">\n<div class=\"wp-block-column is-layout-flow wp-block-column-is-layout-flow\" style=\"flex-basis:100%\">\n<div id=\"wp-block-themeisle-blocks-advanced-columns-8d326190\" class=\"wp-block-themeisle-blocks-advanced-columns has-4-columns has-desktop-equal-layout has-tablet-equal-layout has-mobile-equal-layout has-vertical-unset\"><div class=\"wp-block-themeisle-blocks-advanced-columns-overlay\"><\/div><div class=\"innerblocks-wrap\">\n<div id=\"wp-block-themeisle-blocks-advanced-column-e9e206f4\" class=\"wp-block-themeisle-blocks-advanced-column\"><\/div>\n\n\n\n<div id=\"wp-block-themeisle-blocks-advanced-column-8697f6f0\" class=\"wp-block-themeisle-blocks-advanced-column\"><\/div>\n\n\n\n<div id=\"wp-block-themeisle-blocks-advanced-column-9c9eefd9\" class=\"wp-block-themeisle-blocks-advanced-column\"><\/div>\n\n\n\n<div id=\"wp-block-themeisle-blocks-advanced-column-fa4aabdd\" class=\"wp-block-themeisle-blocks-advanced-column\"><\/div>\n<\/div><\/div>\n<\/div>\n<\/div>\n","protected":false},"excerpt":{"rendered":"","protected":false},"author":1,"featured_media":0,"parent":0,"menu_order":0,"comment_status":"closed","ping_status":"closed","template":"","meta":{"inline_featured_image":false,"_themeisle_gutenberg_block_has_review":false,"footnotes":""},"class_list":["post-37","page","type-page","status-publish","hentry"],"yoast_head":"<!-- This site is optimized with the Yoast SEO plugin v19.10 - https:\/\/yoast.com\/wordpress\/plugins\/seo\/ -->\n<title>Bolig -<\/title>\n<meta name=\"description\" content=\"Find din fremtid og din bolig i Gudumholm, en sk\u00f8n by at bo og leve i.\" \/>\n<meta name=\"robots\" content=\"index, follow, max-snippet:-1, max-image-preview:large, max-video-preview:-1\" \/>\n<link rel=\"canonical\" href=\"https:\/\/gudumholm.dk\/index.php\/bolig-i-gudumholm\/\" \/>\n<meta property=\"og:locale\" content=\"da_DK\" \/>\n<meta property=\"og:type\" content=\"article\" \/>\n<meta property=\"og:title\" content=\"Bolig -\" \/>\n<meta property=\"og:description\" content=\"Find din fremtid og din bolig i Gudumholm, en sk\u00f8n by at bo og leve i.\" \/>\n<meta property=\"og:url\" content=\"https:\/\/gudumholm.dk\/index.php\/bolig-i-gudumholm\/\" \/>\n<meta property=\"article:publisher\" content=\"https:\/\/m.facebook.com\/profile.php?id=100087522970685\" \/>\n<meta property=\"article:modified_time\" content=\"2022-11-14T22:17:51+00:00\" \/>\n<meta name=\"twitter:card\" content=\"summary_large_image\" \/>\n<meta name=\"twitter:label1\" content=\"Estimeret l\u00e6setid\" \/>\n\t<meta name=\"twitter:data1\" content=\"1 minut\" \/>\n<script type=\"application\/ld+json\" class=\"yoast-schema-graph\">{\"@context\":\"https:\/\/schema.org\",\"@graph\":[{\"@type\":\"WebPage\",\"@id\":\"https:\/\/gudumholm.dk\/index.php\/bolig-i-gudumholm\/\",\"url\":\"https:\/\/gudumholm.dk\/index.php\/bolig-i-gudumholm\/\",\"name\":\"Bolig -\",\"isPartOf\":{\"@id\":\"https:\/\/gudumholm.dk\/#website\"},\"datePublished\":\"2022-11-05T20:11:54+00:00\",\"dateModified\":\"2022-11-14T22:17:51+00:00\",\"description\":\"Find din fremtid og din bolig i Gudumholm, en sk\u00f8n by at bo og leve i.\",\"breadcrumb\":{\"@id\":\"https:\/\/gudumholm.dk\/index.php\/bolig-i-gudumholm\/#breadcrumb\"},\"inLanguage\":\"da-DK\",\"potentialAction\":[{\"@type\":\"ReadAction\",\"target\":[\"https:\/\/gudumholm.dk\/index.php\/bolig-i-gudumholm\/\"]}]},{\"@type\":\"BreadcrumbList\",\"@id\":\"https:\/\/gudumholm.dk\/index.php\/bolig-i-gudumholm\/#breadcrumb\",\"itemListElement\":[{\"@type\":\"ListItem\",\"position\":1,\"name\":\"Hjem\",\"item\":\"https:\/\/gudumholm.dk\/\"},{\"@type\":\"ListItem\",\"position\":2,\"name\":\"Bolig\"}]},{\"@type\":\"WebSite\",\"@id\":\"https:\/\/gudumholm.dk\/#website\",\"url\":\"https:\/\/gudumholm.dk\/\",\"name\":\"\",\"description\":\"\",\"publisher\":{\"@id\":\"https:\/\/gudumholm.dk\/#organization\"},\"potentialAction\":[{\"@type\":\"SearchAction\",\"target\":{\"@type\":\"EntryPoint\",\"urlTemplate\":\"https:\/\/gudumholm.dk\/?s={search_term_string}\"},\"query-input\":\"required name=search_term_string\"}],\"inLanguage\":\"da-DK\"},{\"@type\":\"Organization\",\"@id\":\"https:\/\/gudumholm.dk\/#organization\",\"name\":\"Gudumholm Borgerforening\",\"url\":\"https:\/\/gudumholm.dk\/\",\"logo\":{\"@type\":\"ImageObject\",\"inLanguage\":\"da-DK\",\"@id\":\"https:\/\/gudumholm.dk\/#\/schema\/logo\/image\/\",\"url\":\"http:\/\/gudumholm.dk\/wp-content\/uploads\/2022\/11\/EF01BAD9-113C-449B-8628-4B187FB6BC6D.png\",\"contentUrl\":\"http:\/\/gudumholm.dk\/wp-content\/uploads\/2022\/11\/EF01BAD9-113C-449B-8628-4B187FB6BC6D.png\",\"width\":124,\"height\":181,\"caption\":\"Gudumholm Borgerforening\"},\"image\":{\"@id\":\"https:\/\/gudumholm.dk\/#\/schema\/logo\/image\/\"},\"sameAs\":[\"https:\/\/m.facebook.com\/profile.php?id=100087522970685\"]}]}<\/script>\n<!-- \/ Yoast SEO plugin. -->","yoast_head_json":{"title":"Bolig -","description":"Find din fremtid og din bolig i Gudumholm, en sk\u00f8n by at bo og leve i.","robots":{"index":"index","follow":"follow","max-snippet":"max-snippet:-1","max-image-preview":"max-image-preview:large","max-video-preview":"max-video-preview:-1"},"canonical":"https:\/\/gudumholm.dk\/index.php\/bolig-i-gudumholm\/","og_locale":"da_DK","og_type":"article","og_title":"Bolig -","og_description":"Find din fremtid og din bolig i Gudumholm, en sk\u00f8n by at bo og leve i.","og_url":"https:\/\/gudumholm.dk\/index.php\/bolig-i-gudumholm\/","article_publisher":"https:\/\/m.facebook.com\/profile.php?id=100087522970685","article_modified_time":"2022-11-14T22:17:51+00:00","twitter_card":"summary_large_image","twitter_misc":{"Estimeret l\u00e6setid":"1 minut"},"schema":{"@context":"https:\/\/schema.org","@graph":[{"@type":"WebPage","@id":"https:\/\/gudumholm.dk\/index.php\/bolig-i-gudumholm\/","url":"https:\/\/gudumholm.dk\/index.php\/bolig-i-gudumholm\/","name":"Bolig -","isPartOf":{"@id":"https:\/\/gudumholm.dk\/#website"},"datePublished":"2022-11-05T20:11:54+00:00","dateModified":"2022-11-14T22:17:51+00:00","description":"Find din fremtid og din bolig i Gudumholm, en sk\u00f8n by at bo og leve i.","breadcrumb":{"@id":"https:\/\/gudumholm.dk\/index.php\/bolig-i-gudumholm\/#breadcrumb"},"inLanguage":"da-DK","potentialAction":[{"@type":"ReadAction","target":["https:\/\/gudumholm.dk\/index.php\/bolig-i-gudumholm\/"]}]},{"@type":"BreadcrumbList","@id":"https:\/\/gudumholm.dk\/index.php\/bolig-i-gudumholm\/#breadcrumb","itemListElement":[{"@type":"ListItem","position":1,"name":"Hjem","item":"https:\/\/gudumholm.dk\/"},{"@type":"ListItem","position":2,"name":"Bolig"}]},{"@type":"WebSite","@id":"https:\/\/gudumholm.dk\/#website","url":"https:\/\/gudumholm.dk\/","name":"","description":"","publisher":{"@id":"https:\/\/gudumholm.dk\/#organization"},"potentialAction":[{"@type":"SearchAction","target":{"@type":"EntryPoint","urlTemplate":"https:\/\/gudumholm.dk\/?s={search_term_string}"},"query-input":"required name=search_term_string"}],"inLanguage":"da-DK"},{"@type":"Organization","@id":"https:\/\/gudumholm.dk\/#organization","name":"Gudumholm Borgerforening","url":"https:\/\/gudumholm.dk\/","logo":{"@type":"ImageObject","inLanguage":"da-DK","@id":"https:\/\/gudumholm.dk\/#\/schema\/logo\/image\/","url":"http:\/\/gudumholm.dk\/wp-content\/uploads\/2022\/11\/EF01BAD9-113C-449B-8628-4B187FB6BC6D.png","contentUrl":"http:\/\/gudumholm.dk\/wp-content\/uploads\/2022\/11\/EF01BAD9-113C-449B-8628-4B187FB6BC6D.png","width":124,"height":181,"caption":"Gudumholm Borgerforening"},"image":{"@id":"https:\/\/gudumholm.dk\/#\/schema\/logo\/image\/"},"sameAs":["https:\/\/m.facebook.com\/profile.php?id=100087522970685"]}]}},"_links":{"self":[{"href":"https:\/\/gudumholm.dk\/index.php\/wp-json\/wp\/v2\/pages\/37","targetHints":{"allow":["GET"]}}],"collection":[{"href":"https:\/\/gudumholm.dk\/index.php\/wp-json\/wp\/v2\/pages"}],"about":[{"href":"https:\/\/gudumholm.dk\/index.php\/wp-json\/wp\/v2\/types\/page"}],"author":[{"embeddable":true,"href":"https:\/\/gudumholm.dk\/index.php\/wp-json\/wp\/v2\/users\/1"}],"replies":[{"embeddable":true,"href":"https:\/\/gudumholm.dk\/index.php\/wp-json\/wp\/v2\/comments?post=37"}],"version-history":[{"count":17,"href":"https:\/\/gudumholm.dk\/index.php\/wp-json\/wp\/v2\/pages\/37\/revisions"}],"predecessor-version":[{"id":174,"href":"https:\/\/gudumholm.dk\/index.php\/wp-json\/wp\/v2\/pages\/37\/revisions\/174"}],"wp:attachment":[{"href":"https:\/\/gudumholm.dk\/index.php\/wp-json\/wp\/v2\/media?parent=37"}],"curies":[{"name":"wp","href":"https:\/\/api.w.org\/{rel}","templated":true}]}}